{"id":29,"date":"2012-06-06T04:16:21","date_gmt":"2012-06-06T04:16:21","guid":{"rendered":"http:\/\/s420029563.onlinehome.us\/wp\/?page_id=29"},"modified":"2024-11-18T18:32:14","modified_gmt":"2024-11-18T18:32:14","slug":"bio","status":"publish","type":"page","link":"https:\/\/gabrielaanders.com\/?page_id=29","title":{"rendered":"The Ring"},"content":{"rendered":"\n<div class=\"wp-block-group\"><div class=\"wp-block-group__inner-container is-layout-flow wp-block-group-is-layout-flow\">\n<figure class=\"wp-block-image size-large\"><img loading=\"lazy\" decoding=\"async\" width=\"1024\" height=\"683\" src=\"https:\/\/gabrielaanders.com\/wp-content\/uploads\/2020\/08\/Photo-Aric-2-1024x683.jpg\" alt=\"\" class=\"wp-image-1263\" srcset=\"https:\/\/gabrielaanders.com\/wp-content\/uploads\/2020\/08\/Photo-Aric-2-1024x683.jpg 1024w, https:\/\/gabrielaanders.com\/wp-content\/uploads\/2020\/08\/Photo-Aric-2-300x200.jpg 300w, https:\/\/gabrielaanders.com\/wp-content\/uploads\/2020\/08\/Photo-Aric-2-768x512.jpg 768w, https:\/\/gabrielaanders.com\/wp-content\/uploads\/2020\/08\/Photo-Aric-2-1536x1024.jpg 1536w, https:\/\/gabrielaanders.com\/wp-content\/uploads\/2020\/08\/Photo-Aric-2.jpg 1600w\" sizes=\"auto, (max-width: 1024px) 100vw, 1024px\" \/><\/figure>\n<\/div><\/div>\n\n\n\n<p>NEW RELEASE: THE RING Now available at: <strong>gabrielaanders.bandcamp.com<\/strong> for complete album download <\/p>\n\n\n<p>While facing the fear and uncertainty of the virus in New York City, Gabriela recorded a piano\/voices collection of songs at her home studio, creating intimate portraits of inner struggle and redemption against the bizarre backdrop of the pandemic.<span class=\"Apple-converted-space\">\u00a0<\/span><\/p>\n<p>The project\u2019s three pianists &#8211; Jim Ridl, Jean-Michel Pilc and Jon Cowherd &#8211; are radically different stylists from different corners of the world, here each offering their unique sensibilities to Gabriela\u2019s voice and music.<span class=\"Apple-converted-space\">\u00a0<\/span><\/p>\n<p>The resulting contrasts, unified by some of the most moving and imaginative vocal performances and orchestrations of Gabriela\u2019s career, elevate the record far beyond the predictability of the commonplace duo aesthetic.<span class=\"Apple-converted-space\">\u00a0<\/span><\/p>\n<p>\u201cThe Ring\u201d is a fun, beautiful, surprising musical touchstone for our time.<span class=\"Apple-converted-space\">\u00a0<\/span><\/p>\n<p>Available at: <a href=\"https:\/\/gabrielaanders.bandcamp.com\">gabrielaanders.bandcamp.com<\/a> for complete album download and at Amazon on Demand for CD format<\/p>\n\n\n<p><strong>Additional information about \u2018The Ring\u2019&nbsp;<\/strong><\/p>\n\n\n\n<p><strong>Recorded at<\/strong>&nbsp;<em>Big Orange Sheep<\/em>&nbsp;Recording, Brooklyn NY and at <em>Trading8s<\/em>&nbsp;Recording, New Jersey. <strong>Mixed\/Mastered<\/strong> by Fernando Martinez@Moma Recording, Buenos Aires.&nbsp;<strong>Photo<\/strong> by Aric Thompson.&nbsp;<\/p>\n\n\n\n<figure class=\"wp-block-embed-youtube wp-block-embed is-type-video is-provider-youtube wp-embed-aspect-16-9 wp-has-aspect-ratio\"><div class=\"wp-block-embed__wrapper\">\n<iframe loading=\"lazy\" title=\"The Ring\" width=\"764\" height=\"430\" src=\"https:\/\/www.youtube.com\/embed\/itIbqeYRQ3g?feature=oembed\" frameborder=\"0\" allow=\"accelerometer; autoplay; clipboard-write; encrypted-media; gyroscope; picture-in-picture\" allowfullscreen><\/iframe>\n<\/div><\/figure>\n\n\n\n<p><strong>Sp<\/strong>a<strong>nish info &#8216;The Ring&#8217; <\/strong><\/p>\n\n\n\n<p>Enfrentando la incertidumbre y el miedo que el Covid 19 produjo en marzo\/abril 2020 en la ciudad de Nueva York &#8211; epicentro entonces de la infecci\u00f3n &#8211; Gabriela grab\u00f3 \u201cThe Ring\u201d \u2013 \u201cEl Anillo\u201d &#8211; una&nbsp;colecci\u00f3n de canciones que refleja un retrato \u00edntimo de sus sentimientos de temor, esperanza, incertidumbre, p\u00e9rdida y soledad en un momento tan dif\u00edcil, tan inimaginable.&nbsp;<\/p>\n\n\n\n<p>Cada uno de los 3 pianistas del proyecto &#8211; Jim Ridl, Jean-Michel Pilc y Jon Cowherd &#8211; nacieron en lugares muy diferentes del mundo y poseen estilos y herencias musicales distintivas. Han aportado su sensibilidad musical a la expresi\u00f3n musical, imaginativa y emotiva de Gabriela y elevan este proyecto a algo diferente de lo que se espera de un \u201cd\u00fao piano-voz\u201d habitual: Lo lleva m\u00e1s all\u00e1 de lo predecible y de lo com\u00fan.&nbsp;<\/p>\n\n\n\n<p>El proyecto contiene mayormente canciones originales de Gabriela y tambi\u00e9n un par de est\u00e1ndars de jazz como \u201cOld Feeling\u201d y \u201cI\u2019ve got accustomed to her face\u201d que ella dedica a su padre, el m\u00fasico argentino de jazz Jorge Anders.&nbsp;<\/p>\n\n\n\n<p>Estas canciones reflejan un tiempo en el que todo se detiene, invitando a pensar, a sentir, a reflexionar sobre ad\u00f3nde vamos, de d\u00f3nde venimos, a abrazar la luz y la esperanza.&nbsp;<\/p>\n\n\n\n<p>\u201cThe Ring\u201d fue grabado en Big Orange Sheep, Brooklyn NY y en Trading8s New Jersey y en el estudio de grabaci\u00f3n de Gabriela en NYC. Fue mezclado y masterizado por Fernando Martinez@Moma Buenos Aires. Las fotos fueron tomadas por el fot\u00f3grafo de Atlanta, Georgia: Aric Thompson durante un reciente concierto en esa ciudad.&nbsp;<\/p>\n\n\n\n<p>Este proyecto est\u00e1 a la venta en <a href=\"https:\/\/gabrielaanders.bandcamp.com\">Bandcamp.com<\/a> en forma digital y en Amazon on Demand en formato CD.<\/p>\n\n\n\n<p><\/p>\n","protected":false},"excerpt":{"rendered":"<p>NEW RELEASE: THE RING Now available at: gabrielaanders.bandcamp.com for complete album download While facing the fear and uncertainty of the virus in New York City, Gabriela recorded a piano\/voices collection of songs at her home studio, creating intimate portraits of inner struggle and redemption against the bizarre backdrop of the pandemic.\u00a0 The project\u2019s three pianists [&hellip;]<\/p>\n","protected":false},"author":2,"featured_media":0,"parent":0,"menu_order":1,"comment_status":"open","ping_status":"closed","template":"","meta":{"footnotes":""},"class_list":["post-29","page","type-page","status-publish","hentry"],"_links":{"self":[{"href":"https:\/\/gabrielaanders.com\/index.php?rest_route=\/wp\/v2\/pages\/29","targetHints":{"allow":["GET"]}}],"collection":[{"href":"https:\/\/gabrielaanders.com\/index.php?rest_route=\/wp\/v2\/pages"}],"about":[{"href":"https:\/\/gabrielaanders.com\/index.php?rest_route=\/wp\/v2\/types\/page"}],"author":[{"embeddable":true,"href":"https:\/\/gabrielaanders.com\/index.php?rest_route=\/wp\/v2\/users\/2"}],"replies":[{"embeddable":true,"href":"https:\/\/gabrielaanders.com\/index.php?rest_route=%2Fwp%2Fv2%2Fcomments&post=29"}],"version-history":[{"count":58,"href":"https:\/\/gabrielaanders.com\/index.php?rest_route=\/wp\/v2\/pages\/29\/revisions"}],"predecessor-version":[{"id":1330,"href":"https:\/\/gabrielaanders.com\/index.php?rest_route=\/wp\/v2\/pages\/29\/revisions\/1330"}],"wp:attachment":[{"href":"https:\/\/gabrielaanders.com\/index.php?rest_route=%2Fwp%2Fv2%2Fmedia&parent=29"}],"curies":[{"name":"wp","href":"https:\/\/api.w.org\/{rel}","templated":true}]}}